{"id":2254,"date":"2024-11-06T17:33:34","date_gmt":"2024-11-06T16:33:34","guid":{"rendered":"https:\/\/terapiavrupa.com\/page-de-remerciement\/"},"modified":"2025-06-22T13:04:11","modified_gmt":"2025-06-22T11:04:11","slug":"page-de-remerciement","status":"publish","type":"page","link":"https:\/\/terapiavrupa.com\/fr\/page-de-remerciement\/","title":{"rendered":"Page de remerciement"},"content":{"rendered":"\t\t<div data-elementor-type=\"wp-page\" data-elementor-id=\"2254\" class=\"elementor elementor-2254 elementor-485\" data-elementor-post-type=\"page\">\n\t\t\t\t\t\t<section class=\"elementor-section elementor-top-section elementor-element elementor-element-92a11b7 elementor-section-height-min-height elementor-section-boxed elementor-section-height-default elementor-section-items-middle\" data-id=\"92a11b7\" data-element_type=\"section\" data-e-type=\"section\" data-settings=\"{&quot;background_background&quot;:&quot;gradient&quot;}\">\n\t\t\t\t\t\t<div class=\"elementor-container elementor-column-gap-default\">\n\t\t\t\t\t<div class=\"elementor-column elementor-col-100 elementor-top-column elementor-element elementor-element-ebed376\" data-id=\"ebed376\" data-element_type=\"column\" data-e-type=\"column\" data-settings=\"{&quot;background_background&quot;:&quot;gradient&quot;}\">\n\t\t\t<div class=\"elementor-widget-wrap elementor-element-populated\">\n\t\t\t\t\t<div class=\"elementor-background-overlay\"><\/div>\n\t\t\t\t\t\t<div class=\"elementor-element elementor-element-c73ff17 elementor-widget elementor-widget-heading\" data-id=\"c73ff17\" data-element_type=\"widget\" data-e-type=\"widget\" data-widget_type=\"heading.default\">\n\t\t\t\t<div class=\"elementor-widget-container\">\n\t\t\t\t\t<h1 class=\"elementor-heading-title elementor-size-default\">Merci de votre attention.<\/h1>\t\t\t\t<\/div>\n\t\t\t\t<\/div>\n\t\t\t\t<div class=\"elementor-element elementor-element-daf169e elementor-widget elementor-widget-text-editor\" data-id=\"daf169e\" data-element_type=\"widget\" data-e-type=\"widget\" data-widget_type=\"text-editor.default\">\n\t\t\t\t<div class=\"elementor-widget-container\">\n\t\t\t\t\t\t\t\t\t<p>Nous vous remercions de nous avoir contact\u00e9s. Nous nous efforcerons de vous r\u00e9pondre dans les plus brefs d\u00e9lais. <\/p>\t\t\t\t\t\t\t\t<\/div>\n\t\t\t\t<\/div>\n\t\t\t\t<div class=\"elementor-element elementor-element-a690737 elementor-align-center elementor-widget elementor-widget-button\" data-id=\"a690737\" data-element_type=\"widget\" data-e-type=\"widget\" data-widget_type=\"button.default\">\n\t\t\t\t<div class=\"elementor-widget-container\">\n\t\t\t\t\t\t\t\t\t<div class=\"elementor-button-wrapper\">\n\t\t\t\t\t<a class=\"elementor-button elementor-button-link elementor-size-sm\" href=\"https:\/\/terapiavrupa.com\/fr\/\">\n\t\t\t\t\t\t<span class=\"elementor-button-content-wrapper\">\n\t\t\t\t\t\t\t\t\t<span class=\"elementor-button-text\">Retour \u00e0 la page d'accueil<\/span>\n\t\t\t\t\t<\/span>\n\t\t\t\t\t<\/a>\n\t\t\t\t<\/div>\n\t\t\t\t\t\t\t\t<\/div>\n\t\t\t\t<\/div>\n\t\t\t\t\t<\/div>\n\t\t<\/div>\n\t\t\t\t\t<\/div>\n\t\t<\/section>\n\t\t\t\t<\/div>\n\t\t","protected":false},"excerpt":{"rendered":"<p>Merci de votre attention. Nous vous remercions de nous avoir contact\u00e9s. Nous nous efforcerons de vous r\u00e9pondre dans les plus brefs d\u00e9lais. Retour \u00e0 la page d&rsquo;accueil<\/p>\n","protected":false},"author":2,"featured_media":0,"parent":0,"menu_order":0,"comment_status":"closed","ping_status":"closed","template":"","meta":{"iawp_total_views":0,"footnotes":""},"class_list":["post-2254","page","type-page","status-publish","hentry"],"_links":{"self":[{"href":"https:\/\/terapiavrupa.com\/fr\/wp-json\/wp\/v2\/pages\/2254","targetHints":{"allow":["GET"]}}],"collection":[{"href":"https:\/\/terapiavrupa.com\/fr\/wp-json\/wp\/v2\/pages"}],"about":[{"href":"https:\/\/terapiavrupa.com\/fr\/wp-json\/wp\/v2\/types\/page"}],"author":[{"embeddable":true,"href":"https:\/\/terapiavrupa.com\/fr\/wp-json\/wp\/v2\/users\/2"}],"replies":[{"embeddable":true,"href":"https:\/\/terapiavrupa.com\/fr\/wp-json\/wp\/v2\/comments?post=2254"}],"version-history":[{"count":1,"href":"https:\/\/terapiavrupa.com\/fr\/wp-json\/wp\/v2\/pages\/2254\/revisions"}],"predecessor-version":[{"id":2258,"href":"https:\/\/terapiavrupa.com\/fr\/wp-json\/wp\/v2\/pages\/2254\/revisions\/2258"}],"wp:attachment":[{"href":"https:\/\/terapiavrupa.com\/fr\/wp-json\/wp\/v2\/media?parent=2254"}],"curies":[{"name":"wp","href":"https:\/\/api.w.org\/{rel}","templated":true}]}}